{"id":937,"date":"2024-11-21T11:59:26","date_gmt":"2024-11-21T14:59:26","guid":{"rendered":"https:\/\/ecommerce.disenioweb.com.ar\/carrito15\/?page_id=937"},"modified":"2024-11-21T12:03:23","modified_gmt":"2024-11-21T15:03:23","slug":"nosotros","status":"publish","type":"page","link":"https:\/\/ecommerce.disenioweb.com.ar\/carrito15\/nosotros\/","title":{"rendered":"Nosotros"},"content":{"rendered":"\t\t<div data-elementor-type=\"wp-page\" data-elementor-id=\"937\" class=\"elementor elementor-937\">\n\t\t\t\t<div class=\"wd-negative-gap elementor-element elementor-element-6858363b wd-section-stretch color-scheme-light e-flex e-con-boxed e-con e-parent\" data-id=\"6858363b\" data-element_type=\"container\" data-settings=\"{&quot;background_background&quot;:&quot;classic&quot;}\">\n\t\t\t\t\t<div class=\"e-con-inner\">\n\t\t<div class=\"elementor-element elementor-element-1d39bd62 e-con-full e-flex e-con e-child\" data-id=\"1d39bd62\" data-element_type=\"container\">\n\t\t<div class=\"elementor-element elementor-element-603f535d e-con-full e-flex e-con e-child\" data-id=\"603f535d\" data-element_type=\"container\">\n\t\t\t\t<div class=\"elementor-element elementor-element-44a8550d wd-width-100 elementor-widget elementor-widget-wd_title\" data-id=\"44a8550d\" data-element_type=\"widget\" data-widget_type=\"wd_title.default\">\n\t\t\t\t<div class=\"elementor-widget-container\">\n\t\t\t\t\t<div class=\"title-wrapper set-mb-s reset-last-child wd-title-color-default wd-title-style-default wd-title-size-default text-left\">\n\n\t\t\t\n\t\t\t<div class=\"liner-continer\">\n\t\t\t\t<h4 class=\"woodmart-title-container title wd-fontsize-l\">Sobre nosotros<\/h4> \n\t\t\t\t\t\t\t<\/div>\n\n\t\t\t\t\t<\/div>\n\t\t\t\t<\/div>\n\t\t\t\t<\/div>\n\t\t\t\t<div class=\"elementor-element elementor-element-5741213f elementor-widget elementor-widget-wd_image_or_svg\" data-id=\"5741213f\" data-element_type=\"widget\" data-widget_type=\"wd_image_or_svg.default\">\n\t\t\t\t<div class=\"elementor-widget-container\">\n\t\t\t\n\t\t<div class=\"wd-image text-left\">\n\t\t\t\t\t\t\t\t<img fetchpriority=\"high\" decoding=\"async\" width=\"640\" height=\"618\" src=\"https:\/\/ecommerce.disenioweb.com.ar\/carrito15\/wp-content\/uploads\/2024\/07\/w-hmp-about-me-1-opt.jpg\" class=\"attachment-full size-full\" alt=\"\" \/>\t\t\t\t\t<\/div>\n\n\t\t\t\t<\/div>\n\t\t\t\t<\/div>\n\t\t\t\t<\/div>\n\t\t<div class=\"elementor-element elementor-element-68169dd e-con-full e-flex e-con e-child\" data-id=\"68169dd\" data-element_type=\"container\">\n\t\t\t\t<div class=\"elementor-element elementor-element-2422904e elementor-widget elementor-widget-wd_image_or_svg\" data-id=\"2422904e\" data-element_type=\"widget\" data-widget_type=\"wd_image_or_svg.default\">\n\t\t\t\t<div class=\"elementor-widget-container\">\n\t\t\t\n\t\t<div class=\"wd-image text-left\">\n\t\t\t\t\t\t\t\t<img decoding=\"async\" width=\"640\" height=\"716\" src=\"https:\/\/ecommerce.disenioweb.com.ar\/carrito15\/wp-content\/uploads\/2024\/07\/w-hmp-about-me-2-opt.jpg\" class=\"attachment-full size-full\" alt=\"\" \/>\t\t\t\t\t<\/div>\n\n\t\t\t\t<\/div>\n\t\t\t\t<\/div>\n\t\t\t\t<\/div>\n\t\t\t\t<\/div>\n\t\t<div class=\"elementor-element elementor-element-34307053 e-con-full e-flex e-con e-child\" data-id=\"34307053\" data-element_type=\"container\">\n\t\t<div class=\"elementor-element elementor-element-526f6cbf e-con-full e-flex e-con e-child\" data-id=\"526f6cbf\" data-element_type=\"container\">\n\t\t\t\t<div class=\"elementor-element elementor-element-4a63c136 wd-width-100 elementor-widget elementor-widget-wd_title\" data-id=\"4a63c136\" data-element_type=\"widget\" data-widget_type=\"wd_title.default\">\n\t\t\t\t<div class=\"elementor-widget-container\">\n\t\t\t\t\t<div class=\"title-wrapper set-mb-s reset-last-child wd-title-color-default wd-title-style-default wd-title-size-default text-left\">\n\n\t\t\t\n\t\t\t<div class=\"liner-continer\">\n\t\t\t\t<h4 class=\"woodmart-title-container title wd-fontsize-l\">Hola somos Estudio DMG y hacemos productos de cer\u00e1mica.<\/h4> \n\t\t\t\t\t\t\t<\/div>\n\n\t\t\t\t\t<\/div>\n\t\t\t\t<\/div>\n\t\t\t\t<\/div>\n\t\t\t\t<\/div>\n\t\t<div class=\"elementor-element elementor-element-20f596 e-con-full e-flex e-con e-child\" data-id=\"20f596\" data-element_type=\"container\">\n\t\t\t\t<div class=\"elementor-element elementor-element-367d4db6 elementor-widget elementor-widget-wd_text_block\" data-id=\"367d4db6\" data-element_type=\"widget\" data-widget_type=\"wd_text_block.default\">\n\t\t\t\t<div class=\"elementor-widget-container\">\n\t\t\t\t\t<div class=\"wd-text-block reset-last-child text-left color-title\">\n\t\t\t\n\t\t\tCon cada toque, moldeo arcilla cruda en formas exquisitas, infundi\u00e9ndoles mi imaginaci\u00f3n y pasi\u00f3n. La rueda gira bajo mis manos, cediendo a mi visi\u00f3n art\u00edstica. Talla, esculpo y doy forma, elaborando vasijas que contienen historias dentro de sus delicadas curvas.\n\t\t\t\t\t<\/div>\n\t\t\t\t<\/div>\n\t\t\t\t<\/div>\n\t\t\t\t<\/div>\n\t\t\t\t<\/div>\n\t\t\t\t\t<\/div>\n\t\t\t\t<\/div>\n\t\t<div class=\"wd-negative-gap elementor-element elementor-element-1bca1b7 e-flex e-con-boxed e-con e-parent\" data-id=\"1bca1b7\" data-element_type=\"container\">\n\t\t\t\t\t<div class=\"e-con-inner\">\n\t\t\t\t<div class=\"elementor-element elementor-element-5d82078e wd-width-100 elementor-widget elementor-widget-wd_images_gallery\" data-id=\"5d82078e\" data-element_type=\"widget\" data-widget_type=\"wd_images_gallery.default\">\n\t\t\t\t<div class=\"elementor-widget-container\">\n\t\t\t\t\t<div class=\"wd-images-gallery wd-carousel-container\" style=\"--wd-align-items:center; --wd-justify-content:center;\">\n\t\t\t\t\t\t\t<div class=\"wd-carousel-inner\">\n\t\t\t\t\t\t<div class=\"wd-carousel wd-grid\" data-scroll_per_page=\"yes\" style=\"--wd-col-lg:3.2;--wd-col-md:3.5;--wd-col-sm:1.3;--wd-gap-lg:30px;--wd-gap-sm:10px;--wd-carousel-overflow: visible\">\n\t\t\t\t\t\t\t\t\t<div class=\"wd-carousel-wrap\">\n\t\t\t\t\t\t\t\t\t\t\t\t\t\t\t\t\t\t<div class=\"wd-gallery-item wd-carousel-item\">\n\t\t\t\t\t\t\n\t\t\t\t\t\t<img decoding=\"async\" src=\"https:\/\/ecommerce.disenioweb.com.ar\/carrito15\/wp-content\/uploads\/2024\/07\/w-hmp-abot-me-gallery-1-opt.jpg\"alt=\"w-hmp-abot-me-gallery-1-opt\">\n\t\t\t\t\t\t\t\t\t\t\t<\/div>\n\t\t\t\t\t\t\t\t\t\t\t\t\t\t\t<div class=\"wd-gallery-item wd-carousel-item\">\n\t\t\t\t\t\t\n\t\t\t\t\t\t<img decoding=\"async\" src=\"https:\/\/ecommerce.disenioweb.com.ar\/carrito15\/wp-content\/uploads\/2024\/07\/w-hmp-abot-me-gallery-2-opt.jpg\"alt=\"w-hmp-abot-me-gallery-2-opt\">\n\t\t\t\t\t\t\t\t\t\t\t<\/div>\n\t\t\t\t\t\t\t\t\t\t\t\t\t\t\t<div class=\"wd-gallery-item wd-carousel-item\">\n\t\t\t\t\t\t\n\t\t\t\t\t\t<img decoding=\"async\" src=\"https:\/\/ecommerce.disenioweb.com.ar\/carrito15\/wp-content\/uploads\/2024\/07\/w-hmp-abot-me-gallery-3-opt.jpg\"alt=\"w-hmp-abot-me-gallery-3-opt\">\n\t\t\t\t\t\t\t\t\t\t\t<\/div>\n\t\t\t\t\t\t\t\t\t\t\t\t\t\t\t<div class=\"wd-gallery-item wd-carousel-item\">\n\t\t\t\t\t\t\n\t\t\t\t\t\t<img decoding=\"async\" src=\"https:\/\/ecommerce.disenioweb.com.ar\/carrito15\/wp-content\/uploads\/2024\/07\/w-hmp-abot-me-gallery-4-opt.jpg\"alt=\"w-hmp-abot-me-gallery-4-opt\">\n\t\t\t\t\t\t\t\t\t\t\t<\/div>\n\t\t\t\t\t\t\t\t\t\t\t\t\t\t\t<div class=\"wd-gallery-item wd-carousel-item\">\n\t\t\t\t\t\t\n\t\t\t\t\t\t<img decoding=\"async\" src=\"https:\/\/ecommerce.disenioweb.com.ar\/carrito15\/wp-content\/uploads\/2024\/07\/w-hmp-abot-me-gallery-5-opt.jpg\"alt=\"w-hmp-abot-me-gallery-5-opt\">\n\t\t\t\t\t\t\t\t\t\t\t<\/div>\n\t\t\t\t\t\t\t\t\t\t\t\t\t\t\t<div class=\"wd-gallery-item wd-carousel-item\">\n\t\t\t\t\t\t\n\t\t\t\t\t\t<img decoding=\"async\" src=\"https:\/\/ecommerce.disenioweb.com.ar\/carrito15\/wp-content\/uploads\/2024\/06\/w-hmp-single-post-image-3-opt.jpg\"alt=\"w-hmp-single-post-image-3-opt\">\n\t\t\t\t\t\t\t\t\t\t\t<\/div>\n\t\t\t\t\t\t\t\t\t\t\t\t\t\t\t<div class=\"wd-gallery-item wd-carousel-item\">\n\t\t\t\t\t\t\n\t\t\t\t\t\t<img decoding=\"async\" src=\"https:\/\/ecommerce.disenioweb.com.ar\/carrito15\/wp-content\/uploads\/2024\/06\/w-hmp-single-post-image-6-opt.jpg\"alt=\"w-hmp-single-post-image-6-opt\">\n\t\t\t\t\t\t\t\t\t\t\t<\/div>\n\t\t\t\t\t\t\t\t\t\t\t\t\t\t\t<div class=\"wd-gallery-item wd-carousel-item\">\n\t\t\t\t\t\t\n\t\t\t\t\t\t<img decoding=\"async\" src=\"https:\/\/ecommerce.disenioweb.com.ar\/carrito15\/wp-content\/uploads\/2024\/06\/w-hmp-single-post-image-4-opt.jpg\"alt=\"w-hmp-single-post-image-4-opt\">\n\t\t\t\t\t\t\t\t\t\t\t<\/div>\n\t\t\t\t\t\t\t\t\t\t\t\t\t\t\t<div class=\"wd-gallery-item wd-carousel-item\">\n\t\t\t\t\t\t\n\t\t\t\t\t\t<img decoding=\"async\" src=\"https:\/\/ecommerce.disenioweb.com.ar\/carrito15\/wp-content\/uploads\/2024\/06\/w-hmp-single-post-image-2-opt.jpg\"alt=\"w-hmp-single-post-image-2-opt\">\n\t\t\t\t\t\t\t\t\t\t\t<\/div>\n\t\t\t\t\t\t\t\t\t\t\t\t\t\t\t\t<\/div>\n\t\t\t\t\t\t\t\t<\/div>\n\t\t\t\t\t\t\t\t\t\t\t\t\t\t<div class=\"wd-nav-arrows wd-pos-sep wd-hover-1 wd-icon-1\">\n\t\t\t<div class=\"wd-btn-arrow wd-prev wd-disabled\">\n\t\t\t\t<div class=\"wd-arrow-inner\"><\/div>\n\t\t\t<\/div>\n\t\t\t<div class=\"wd-btn-arrow wd-next\">\n\t\t\t\t<div class=\"wd-arrow-inner\"><\/div>\n\t\t\t<\/div>\n\t\t<\/div>\n\t\t\t\t\t\t\n\t\t\t\t<\/div>\n\n\t\t\t\t\t\t\t\t\t\t\t\t\t<\/div>\n\t\t\t\t<\/div>\n\t\t\t\t<\/div>\n\t\t\t\t\t<\/div>\n\t\t\t\t<\/div>\n\t\t<div class=\"wd-negative-gap elementor-element elementor-element-14b4baa1 e-flex e-con-boxed e-con e-parent\" data-id=\"14b4baa1\" data-element_type=\"container\">\n\t\t\t\t\t<div class=\"e-con-inner\">\n\t\t<div class=\"elementor-element elementor-element-30327822 e-con-full e-flex e-con e-child\" data-id=\"30327822\" data-element_type=\"container\">\n\t\t\t\t<div class=\"elementor-element elementor-element-2babf5f6 wd-width-100 elementor-widget elementor-widget-wd_title\" data-id=\"2babf5f6\" data-element_type=\"widget\" data-widget_type=\"wd_title.default\">\n\t\t\t\t<div class=\"elementor-widget-container\">\n\t\t\t\t\t<div class=\"title-wrapper set-mb-s reset-last-child wd-title-color-default wd-title-style-default wd-title-size-default text-left\">\n\n\t\t\t\n\t\t\t<div class=\"liner-continer\">\n\t\t\t\t<h4 class=\"woodmart-title-container title wd-fontsize-l\">S\u00f3lo materiales de alta calidad.<\/h4> \n\t\t\t\t\t\t\t<\/div>\n\n\t\t\t\t\t<\/div>\n\t\t\t\t<\/div>\n\t\t\t\t<\/div>\n\t\t<div class=\"elementor-element elementor-element-36bebe95 e-con-full e-flex e-con e-child\" data-id=\"36bebe95\" data-element_type=\"container\">\n\t\t<div class=\"elementor-element elementor-element-18bbbb5e e-con-full e-flex e-con e-child\" data-id=\"18bbbb5e\" data-element_type=\"container\">\n\t\t\t\t<div class=\"elementor-element elementor-element-17149b8c elementor-widget elementor-widget-wd_image_or_svg\" data-id=\"17149b8c\" data-element_type=\"widget\" data-widget_type=\"wd_image_or_svg.default\">\n\t\t\t\t<div class=\"elementor-widget-container\">\n\t\t\t\n\t\t<div class=\"wd-image text-left\">\n\t\t\t\t\t\t\t\t<img decoding=\"async\" width=\"450\" height=\"140\" src=\"https:\/\/ecommerce.disenioweb.com.ar\/carrito15\/wp-content\/uploads\/2024\/07\/w-hmp-abot-me-red-clay-opt.jpg\" class=\"attachment-full size-full\" alt=\"\" \/>\t\t\t\t\t<\/div>\n\n\t\t\t\t<\/div>\n\t\t\t\t<\/div>\n\t\t\t\t<div class=\"elementor-element elementor-element-6efea182 wd-width-100 elementor-widget elementor-widget-wd_title\" data-id=\"6efea182\" data-element_type=\"widget\" data-widget_type=\"wd_title.default\">\n\t\t\t\t<div class=\"elementor-widget-container\">\n\t\t\t\t\t<div class=\"title-wrapper set-mb-s reset-last-child wd-title-color-default wd-title-style-default wd-title-size-default text-left\">\n\n\t\t\t\n\t\t\t<div class=\"liner-continer\">\n\t\t\t\t<h4 class=\"woodmart-title-container title wd-fontsize-l\">Arcilla roja<\/h4> \n\t\t\t\t\t\t\t<\/div>\n\n\t\t\t\t\t\t\t<div class=\"title-after_title set-cont-mb-s reset-last-child wd-fontsize-xs\">\n\t\t\t\t\t<p>Un cuerpo de terracota roja de textura media a base de Etruria Marl, famoso por producir las Tower Poppies.<\/p>\t\t\t\t<\/div>\n\t\t\t\t\t<\/div>\n\t\t\t\t<\/div>\n\t\t\t\t<\/div>\n\t\t\t\t<\/div>\n\t\t<div class=\"elementor-element elementor-element-f5b6539 e-con-full e-flex e-con e-child\" data-id=\"f5b6539\" data-element_type=\"container\">\n\t\t\t\t<div class=\"elementor-element elementor-element-6d0462ef elementor-widget elementor-widget-wd_image_or_svg\" data-id=\"6d0462ef\" data-element_type=\"widget\" data-widget_type=\"wd_image_or_svg.default\">\n\t\t\t\t<div class=\"elementor-widget-container\">\n\t\t\t\n\t\t<div class=\"wd-image text-left\">\n\t\t\t\t\t\t\t\t<img loading=\"lazy\" decoding=\"async\" width=\"450\" height=\"140\" src=\"https:\/\/ecommerce.disenioweb.com.ar\/carrito15\/wp-content\/uploads\/2024\/07\/w-hmp-abot-me-blue-clay-opt.jpg\" class=\"attachment-full size-full\" alt=\"\" \/>\t\t\t\t\t<\/div>\n\n\t\t\t\t<\/div>\n\t\t\t\t<\/div>\n\t\t\t\t<div class=\"elementor-element elementor-element-72762e20 wd-width-100 elementor-widget elementor-widget-wd_title\" data-id=\"72762e20\" data-element_type=\"widget\" data-widget_type=\"wd_title.default\">\n\t\t\t\t<div class=\"elementor-widget-container\">\n\t\t\t\t\t<div class=\"title-wrapper set-mb-s reset-last-child wd-title-color-default wd-title-style-default wd-title-size-default text-left\">\n\n\t\t\t\n\t\t\t<div class=\"liner-continer\">\n\t\t\t\t<h4 class=\"woodmart-title-container title wd-fontsize-l\">Arcilla azul<\/h4> \n\t\t\t\t\t\t\t<\/div>\n\n\t\t\t\t\t\t\t<div class=\"title-after_title set-cont-mb-s reset-last-child wd-fontsize-xs\">\n\t\t\t\t\tUna loza lisa y coloreada ideal para modelar, hacer joyas y lanzar ruedas. Una loza lisa y coloreada ideal para modelar, hacer joyas y lanzar ruedas.\t\t\t\t<\/div>\n\t\t\t\t\t<\/div>\n\t\t\t\t<\/div>\n\t\t\t\t<\/div>\n\t\t\t\t<\/div>\n\t\t\t\t<\/div>\n\t\t\t\t<\/div>\n\t\t<div class=\"elementor-element elementor-element-5a7ebe1e e-con-full e-flex e-con e-child\" data-id=\"5a7ebe1e\" data-element_type=\"container\">\n\t\t\t\t<div class=\"elementor-element elementor-element-1c9ffa11 wd-width-100 elementor-widget elementor-widget-wd_title\" data-id=\"1c9ffa11\" data-element_type=\"widget\" data-widget_type=\"wd_title.default\">\n\t\t\t\t<div class=\"elementor-widget-container\">\n\t\t\t\t\t<div class=\"title-wrapper set-mb-s reset-last-child wd-title-color-default wd-title-style-default wd-title-size-default text-left\">\n\n\t\t\t\n\t\t\t<div class=\"liner-continer\">\n\t\t\t\t<h4 class=\"woodmart-title-container title wd-fontsize-l\">Algunas de las preguntas respondidas.<\/h4> \n\t\t\t\t\t\t\t<\/div>\n\n\t\t\t\t\t<\/div>\n\t\t\t\t<\/div>\n\t\t\t\t<\/div>\n\t\t\t\t<div class=\"elementor-element elementor-element-7b308aea elementor-widget elementor-widget-wd_accordion\" data-id=\"7b308aea\" data-element_type=\"widget\" data-widget_type=\"wd_accordion.default\">\n\t\t\t\t<div class=\"elementor-widget-container\">\n\t\t\t\n\t\t<div class=\"wd-accordion wd-style-default wd-border-off\" data-state=\"all_closed\">\n\t\t\t\t\t\t\t\n\t\t\t\t<div class=\"wd-accordion-item\">\n\t\t\t\t\t<div class=\"wd-accordion-title text-left wd-opener-pos-right\" data-accordion-index=\"0\">\n\t\t\t\t\t\t<div class=\"wd-accordion-title-text\">\n\t\t\t\t\t\t\t\t\t\t\t\t\t\t<span>\n\t\t\t\t\t\t\t\tAre all the items in a pottery shop handmade?\t\t\t\t\t\t\t<\/span>\n\t\t\t\t\t\t<\/div>\n\t\t\t\t\t\t<span class=\"wd-accordion-opener wd-opener-style-plus\"><\/span>\n\t\t\t\t\t<\/div>\n\n\t\t\t\t\t<div class=\"wd-accordion-content reset-last-child\" data-accordion-index=\"0\">\n\t\t\t\t\t\t\t\t\t\t\t\t\t\n\t\t\t\t\t\t\t<p>A seemingly elegant design can quickly begin to bloat with unexpected content or break under the weight of actual activity. Fake data can ensure a nice looking layout but it doesn\u2019t reflect what a living, breathing application must endure. Real data does.<\/p>\n\t\t\t\t\t\t\t\t\t\t\t\t\t\t\t\t\t\t<\/div>\n\t\t\t\t<\/div>\n\t\t\t\t\t\t\t\n\t\t\t\t<div class=\"wd-accordion-item\">\n\t\t\t\t\t<div class=\"wd-accordion-title text-left wd-opener-pos-right\" data-accordion-index=\"1\">\n\t\t\t\t\t\t<div class=\"wd-accordion-title-text\">\n\t\t\t\t\t\t\t\t\t\t\t\t\t\t<span>\n\t\t\t\t\t\t\t\tCan I personalize or customize pottery items?\t\t\t\t\t\t\t<\/span>\n\t\t\t\t\t\t<\/div>\n\t\t\t\t\t\t<span class=\"wd-accordion-opener wd-opener-style-plus\"><\/span>\n\t\t\t\t\t<\/div>\n\n\t\t\t\t\t<div class=\"wd-accordion-content reset-last-child\" data-accordion-index=\"1\">\n\t\t\t\t\t\t\t\t\t\t\t\t\t\n\t\t\t\t\t\t\t<p>Websites in professional use templating systems. Commercial publishing platforms and content management systems ensure that you can show different text, different data using the same template. When it\u2019s about controlling hundreds of articles, product pages for web shops.<\/p>\n\t\t\t\t\t\t\t\t\t\t\t\t\t\t\t\t\t\t<\/div>\n\t\t\t\t<\/div>\n\t\t\t\t\t\t\t\n\t\t\t\t<div class=\"wd-accordion-item\">\n\t\t\t\t\t<div class=\"wd-accordion-title text-left wd-opener-pos-right\" data-accordion-index=\"2\">\n\t\t\t\t\t\t<div class=\"wd-accordion-title-text\">\n\t\t\t\t\t\t\t\t\t\t\t\t\t\t<span>\n\t\t\t\t\t\t\t\tCan I learn pottery at a pottery shop?\t\t\t\t\t\t\t<\/span>\n\t\t\t\t\t\t<\/div>\n\t\t\t\t\t\t<span class=\"wd-accordion-opener wd-opener-style-plus\"><\/span>\n\t\t\t\t\t<\/div>\n\n\t\t\t\t\t<div class=\"wd-accordion-content reset-last-child\" data-accordion-index=\"2\">\n\t\t\t\t\t\t\t\t\t\t\t\t\t\n\t\t\t\t\t\t\t<p>If the copy becomes distracting in the design then you are doing something wrong or they are discussing copy changes. It might be a bit annoying but you could tell them that that discussion would be best suited for another time. At worst the discussion is at least working towards the final goal of your site where questions about lorem ipsum don\u2019t.<\/p>\n\t\t\t\t\t\t\t\t\t\t\t\t\t\t\t\t\t\t<\/div>\n\t\t\t\t<\/div>\n\t\t\t\t\t<\/div>\n\t\t\t\t<\/div>\n\t\t\t\t<\/div>\n\t\t\t\t<\/div>\n\t\t\t\t\t<\/div>\n\t\t\t\t<\/div>\n\t\t\t\t<\/div>\n\t\t","protected":false},"excerpt":{"rendered":"<p>Sobre nosotros Hola somos Estudio DMG y hacemos productos de cer\u00e1mica. Con cada toque, moldeo arcilla cruda en formas exquisitas,<\/p>\n","protected":false},"author":1,"featured_media":0,"parent":0,"menu_order":0,"comment_status":"closed","ping_status":"closed","template":"","meta":{"footnotes":""},"class_list":["post-937","page","type-page","status-publish","hentry"],"_links":{"self":[{"href":"https:\/\/ecommerce.disenioweb.com.ar\/carrito15\/wp-json\/wp\/v2\/pages\/937","targetHints":{"allow":["GET"]}}],"collection":[{"href":"https:\/\/ecommerce.disenioweb.com.ar\/carrito15\/wp-json\/wp\/v2\/pages"}],"about":[{"href":"https:\/\/ecommerce.disenioweb.com.ar\/carrito15\/wp-json\/wp\/v2\/types\/page"}],"author":[{"embeddable":true,"href":"https:\/\/ecommerce.disenioweb.com.ar\/carrito15\/wp-json\/wp\/v2\/users\/1"}],"replies":[{"embeddable":true,"href":"https:\/\/ecommerce.disenioweb.com.ar\/carrito15\/wp-json\/wp\/v2\/comments?post=937"}],"version-history":[{"count":4,"href":"https:\/\/ecommerce.disenioweb.com.ar\/carrito15\/wp-json\/wp\/v2\/pages\/937\/revisions"}],"predecessor-version":[{"id":942,"href":"https:\/\/ecommerce.disenioweb.com.ar\/carrito15\/wp-json\/wp\/v2\/pages\/937\/revisions\/942"}],"wp:attachment":[{"href":"https:\/\/ecommerce.disenioweb.com.ar\/carrito15\/wp-json\/wp\/v2\/media?parent=937"}],"curies":[{"name":"wp","href":"https:\/\/api.w.org\/{rel}","templated":true}]}}